{"id":837,"date":"2021-03-11T16:02:10","date_gmt":"2021-03-11T16:02:10","guid":{"rendered":"https:\/\/zapamet.pl\/o-firmie\/"},"modified":"2024-10-18T07:29:21","modified_gmt":"2024-10-18T07:29:21","slug":"about-the-company","status":"publish","type":"page","link":"https:\/\/zapamet.pl\/en\/about-the-company\/","title":{"rendered":"About the company"},"content":{"rendered":"","protected":false},"excerpt":{"rendered":"","protected":false},"author":1,"featured_media":0,"parent":0,"menu_order":0,"comment_status":"closed","ping_status":"closed","template":"template-about.blade.php","meta":{"inline_featured_image":false,"footnotes":""},"class_list":["post-837","page","type-page","status-publish","hentry"],"yoast_head":"<!-- This site is optimized with the Yoast SEO plugin v19.9 - https:\/\/yoast.com\/wordpress\/plugins\/seo\/ -->\n<title>Automation &amp; robotics in industry | Zapamet<\/title>\n<meta name=\"description\" content=\"Find out exactly what we do and how we can improve the efficiency of your manufacturing company.\" \/>\n<meta name=\"robots\" content=\"index, follow, max-snippet:-1, max-image-preview:large, max-video-preview:-1\" \/>\n<link rel=\"canonical\" href=\"https:\/\/zapamet.pl\/en\/about-the-company\/\" \/>\n<meta property=\"og:locale\" content=\"en_US\" \/>\n<meta property=\"og:type\" content=\"article\" \/>\n<meta property=\"og:title\" content=\"Automation &amp; robotics in industry | Zapamet\" \/>\n<meta property=\"og:description\" content=\"Find out exactly what we do and how we can improve the efficiency of your manufacturing company.\" \/>\n<meta property=\"og:url\" content=\"https:\/\/zapamet.pl\/en\/about-the-company\/\" \/>\n<meta property=\"og:site_name\" content=\"Zapamet | Automatyzacja produkcji\" \/>\n<meta property=\"article:modified_time\" content=\"2024-10-18T07:29:21+00:00\" \/>\n<meta name=\"twitter:card\" content=\"summary_large_image\" \/>\n<script type=\"application\/ld+json\" class=\"yoast-schema-graph\">{\"@context\":\"https:\/\/schema.org\",\"@graph\":[{\"@type\":\"WebPage\",\"@id\":\"https:\/\/zapamet.pl\/en\/about-the-company\/\",\"url\":\"https:\/\/zapamet.pl\/en\/about-the-company\/\",\"name\":\"Automation & robotics in industry | Zapamet\",\"isPartOf\":{\"@id\":\"https:\/\/zapamet.pl\/en\/#website\"},\"datePublished\":\"2021-03-11T16:02:10+00:00\",\"dateModified\":\"2024-10-18T07:29:21+00:00\",\"description\":\"Find out exactly what we do and how we can improve the efficiency of your manufacturing company.\",\"breadcrumb\":{\"@id\":\"https:\/\/zapamet.pl\/en\/about-the-company\/#breadcrumb\"},\"inLanguage\":\"en-US\",\"potentialAction\":[{\"@type\":\"ReadAction\",\"target\":[\"https:\/\/zapamet.pl\/en\/about-the-company\/\"]}]},{\"@type\":\"BreadcrumbList\",\"@id\":\"https:\/\/zapamet.pl\/en\/about-the-company\/#breadcrumb\",\"itemListElement\":[{\"@type\":\"ListItem\",\"position\":1,\"name\":\"Home\",\"item\":\"https:\/\/zapamet.pl\/en\/\"},{\"@type\":\"ListItem\",\"position\":2,\"name\":\"About the company\"}]},{\"@type\":\"WebSite\",\"@id\":\"https:\/\/zapamet.pl\/en\/#website\",\"url\":\"https:\/\/zapamet.pl\/en\/\",\"name\":\"Zapamet | Automatyzacja produkcji\",\"description\":\"Pe\u0142na automatyzacja przemys\u0142u | us\u0142ugi projektowe dla firm nieposiadaj\u0105cych w\u0142asnych dzia\u0142\u00f3w konstrukcyjnych.\",\"potentialAction\":[{\"@type\":\"SearchAction\",\"target\":{\"@type\":\"EntryPoint\",\"urlTemplate\":\"https:\/\/zapamet.pl\/en\/?s={search_term_string}\"},\"query-input\":\"required name=search_term_string\"}],\"inLanguage\":\"en-US\"}]}<\/script>\n<!-- \/ Yoast SEO plugin. -->","yoast_head_json":{"title":"Automation & robotics in industry | Zapamet","description":"Find out exactly what we do and how we can improve the efficiency of your manufacturing company.","robots":{"index":"index","follow":"follow","max-snippet":"max-snippet:-1","max-image-preview":"max-image-preview:large","max-video-preview":"max-video-preview:-1"},"canonical":"https:\/\/zapamet.pl\/en\/about-the-company\/","og_locale":"en_US","og_type":"article","og_title":"Automation & robotics in industry | Zapamet","og_description":"Find out exactly what we do and how we can improve the efficiency of your manufacturing company.","og_url":"https:\/\/zapamet.pl\/en\/about-the-company\/","og_site_name":"Zapamet | Automatyzacja produkcji","article_modified_time":"2024-10-18T07:29:21+00:00","twitter_card":"summary_large_image","schema":{"@context":"https:\/\/schema.org","@graph":[{"@type":"WebPage","@id":"https:\/\/zapamet.pl\/en\/about-the-company\/","url":"https:\/\/zapamet.pl\/en\/about-the-company\/","name":"Automation & robotics in industry | Zapamet","isPartOf":{"@id":"https:\/\/zapamet.pl\/en\/#website"},"datePublished":"2021-03-11T16:02:10+00:00","dateModified":"2024-10-18T07:29:21+00:00","description":"Find out exactly what we do and how we can improve the efficiency of your manufacturing company.","breadcrumb":{"@id":"https:\/\/zapamet.pl\/en\/about-the-company\/#breadcrumb"},"inLanguage":"en-US","potentialAction":[{"@type":"ReadAction","target":["https:\/\/zapamet.pl\/en\/about-the-company\/"]}]},{"@type":"BreadcrumbList","@id":"https:\/\/zapamet.pl\/en\/about-the-company\/#breadcrumb","itemListElement":[{"@type":"ListItem","position":1,"name":"Home","item":"https:\/\/zapamet.pl\/en\/"},{"@type":"ListItem","position":2,"name":"About the company"}]},{"@type":"WebSite","@id":"https:\/\/zapamet.pl\/en\/#website","url":"https:\/\/zapamet.pl\/en\/","name":"Zapamet | Automatyzacja produkcji","description":"Pe\u0142na automatyzacja przemys\u0142u | us\u0142ugi projektowe dla firm nieposiadaj\u0105cych w\u0142asnych dzia\u0142\u00f3w konstrukcyjnych.","potentialAction":[{"@type":"SearchAction","target":{"@type":"EntryPoint","urlTemplate":"https:\/\/zapamet.pl\/en\/?s={search_term_string}"},"query-input":"required name=search_term_string"}],"inLanguage":"en-US"}]}},"_links":{"self":[{"href":"https:\/\/zapamet.pl\/en\/wp-json\/wp\/v2\/pages\/837","targetHints":{"allow":["GET"]}}],"collection":[{"href":"https:\/\/zapamet.pl\/en\/wp-json\/wp\/v2\/pages"}],"about":[{"href":"https:\/\/zapamet.pl\/en\/wp-json\/wp\/v2\/types\/page"}],"author":[{"embeddable":true,"href":"https:\/\/zapamet.pl\/en\/wp-json\/wp\/v2\/users\/1"}],"replies":[{"embeddable":true,"href":"https:\/\/zapamet.pl\/en\/wp-json\/wp\/v2\/comments?post=837"}],"version-history":[{"count":3,"href":"https:\/\/zapamet.pl\/en\/wp-json\/wp\/v2\/pages\/837\/revisions"}],"predecessor-version":[{"id":908,"href":"https:\/\/zapamet.pl\/en\/wp-json\/wp\/v2\/pages\/837\/revisions\/908"}],"wp:attachment":[{"href":"https:\/\/zapamet.pl\/en\/wp-json\/wp\/v2\/media?parent=837"}],"curies":[{"name":"wp","href":"https:\/\/api.w.org\/{rel}","templated":true}]}}