{"id":848,"date":"2021-03-12T15:45:31","date_gmt":"2021-03-12T15:45:31","guid":{"rendered":"https:\/\/zapamet.pl\/prodvisor\/"},"modified":"2024-10-18T07:06:28","modified_gmt":"2024-10-18T07:06:28","slug":"prodvisor","status":"publish","type":"page","link":"https:\/\/zapamet.pl\/de\/prodvisor\/","title":{"rendered":"Prodvisor"},"content":{"rendered":"","protected":false},"excerpt":{"rendered":"","protected":false},"author":1,"featured_media":0,"parent":0,"menu_order":0,"comment_status":"closed","ping_status":"closed","template":"template-service.blade.php","meta":{"inline_featured_image":false,"footnotes":""},"class_list":["post-848","page","type-page","status-publish","hentry"],"yoast_head":"<!-- This site is optimized with the Yoast SEO plugin v19.9 - https:\/\/yoast.com\/wordpress\/plugins\/seo\/ -->\n<title>System PRODVISOR in der Firma ZAPAMET<\/title>\n<meta name=\"description\" content=\"Wir sind Mitsch\u00f6pfer und erste Nutznie\u00dfer des PRODVISOR-Systems, das unsere Produktion verbessert. Erfahren Sie mehr.\" \/>\n<meta name=\"robots\" content=\"index, follow, max-snippet:-1, max-image-preview:large, max-video-preview:-1\" \/>\n<link rel=\"canonical\" href=\"https:\/\/zapamet.pl\/de\/prodvisor\/\" \/>\n<meta property=\"og:locale\" content=\"de_DE\" \/>\n<meta property=\"og:type\" content=\"article\" \/>\n<meta property=\"og:title\" content=\"System PRODVISOR in der Firma ZAPAMET\" \/>\n<meta property=\"og:description\" content=\"Wir sind Mitsch\u00f6pfer und erste Nutznie\u00dfer des PRODVISOR-Systems, das unsere Produktion verbessert. Erfahren Sie mehr.\" \/>\n<meta property=\"og:url\" content=\"https:\/\/zapamet.pl\/de\/prodvisor\/\" \/>\n<meta property=\"og:site_name\" content=\"Zapamet | Automatyzacja produkcji\" \/>\n<meta property=\"article:modified_time\" content=\"2024-10-18T07:06:28+00:00\" \/>\n<meta name=\"twitter:card\" content=\"summary_large_image\" \/>\n<script type=\"application\/ld+json\" class=\"yoast-schema-graph\">{\"@context\":\"https:\/\/schema.org\",\"@graph\":[{\"@type\":\"WebPage\",\"@id\":\"https:\/\/zapamet.pl\/de\/prodvisor\/\",\"url\":\"https:\/\/zapamet.pl\/de\/prodvisor\/\",\"name\":\"System PRODVISOR in der Firma ZAPAMET\",\"isPartOf\":{\"@id\":\"https:\/\/zapamet.pl\/de\/#website\"},\"datePublished\":\"2021-03-12T15:45:31+00:00\",\"dateModified\":\"2024-10-18T07:06:28+00:00\",\"description\":\"Wir sind Mitsch\u00f6pfer und erste Nutznie\u00dfer des PRODVISOR-Systems, das unsere Produktion verbessert. Erfahren Sie mehr.\",\"breadcrumb\":{\"@id\":\"https:\/\/zapamet.pl\/de\/prodvisor\/#breadcrumb\"},\"inLanguage\":\"de\",\"potentialAction\":[{\"@type\":\"ReadAction\",\"target\":[\"https:\/\/zapamet.pl\/de\/prodvisor\/\"]}]},{\"@type\":\"BreadcrumbList\",\"@id\":\"https:\/\/zapamet.pl\/de\/prodvisor\/#breadcrumb\",\"itemListElement\":[{\"@type\":\"ListItem\",\"position\":1,\"name\":\"Home\",\"item\":\"https:\/\/zapamet.pl\/de\/\"},{\"@type\":\"ListItem\",\"position\":2,\"name\":\"Prodvisor\"}]},{\"@type\":\"WebSite\",\"@id\":\"https:\/\/zapamet.pl\/de\/#website\",\"url\":\"https:\/\/zapamet.pl\/de\/\",\"name\":\"Zapamet | Automatyzacja produkcji\",\"description\":\"Pe\u0142na automatyzacja przemys\u0142u | us\u0142ugi projektowe dla firm nieposiadaj\u0105cych w\u0142asnych dzia\u0142\u00f3w konstrukcyjnych.\",\"potentialAction\":[{\"@type\":\"SearchAction\",\"target\":{\"@type\":\"EntryPoint\",\"urlTemplate\":\"https:\/\/zapamet.pl\/de\/?s={search_term_string}\"},\"query-input\":\"required name=search_term_string\"}],\"inLanguage\":\"de\"}]}<\/script>\n<!-- \/ Yoast SEO plugin. -->","yoast_head_json":{"title":"System PRODVISOR in der Firma ZAPAMET","description":"Wir sind Mitsch\u00f6pfer und erste Nutznie\u00dfer des PRODVISOR-Systems, das unsere Produktion verbessert. Erfahren Sie mehr.","robots":{"index":"index","follow":"follow","max-snippet":"max-snippet:-1","max-image-preview":"max-image-preview:large","max-video-preview":"max-video-preview:-1"},"canonical":"https:\/\/zapamet.pl\/de\/prodvisor\/","og_locale":"de_DE","og_type":"article","og_title":"System PRODVISOR in der Firma ZAPAMET","og_description":"Wir sind Mitsch\u00f6pfer und erste Nutznie\u00dfer des PRODVISOR-Systems, das unsere Produktion verbessert. Erfahren Sie mehr.","og_url":"https:\/\/zapamet.pl\/de\/prodvisor\/","og_site_name":"Zapamet | Automatyzacja produkcji","article_modified_time":"2024-10-18T07:06:28+00:00","twitter_card":"summary_large_image","schema":{"@context":"https:\/\/schema.org","@graph":[{"@type":"WebPage","@id":"https:\/\/zapamet.pl\/de\/prodvisor\/","url":"https:\/\/zapamet.pl\/de\/prodvisor\/","name":"System PRODVISOR in der Firma ZAPAMET","isPartOf":{"@id":"https:\/\/zapamet.pl\/de\/#website"},"datePublished":"2021-03-12T15:45:31+00:00","dateModified":"2024-10-18T07:06:28+00:00","description":"Wir sind Mitsch\u00f6pfer und erste Nutznie\u00dfer des PRODVISOR-Systems, das unsere Produktion verbessert. Erfahren Sie mehr.","breadcrumb":{"@id":"https:\/\/zapamet.pl\/de\/prodvisor\/#breadcrumb"},"inLanguage":"de","potentialAction":[{"@type":"ReadAction","target":["https:\/\/zapamet.pl\/de\/prodvisor\/"]}]},{"@type":"BreadcrumbList","@id":"https:\/\/zapamet.pl\/de\/prodvisor\/#breadcrumb","itemListElement":[{"@type":"ListItem","position":1,"name":"Home","item":"https:\/\/zapamet.pl\/de\/"},{"@type":"ListItem","position":2,"name":"Prodvisor"}]},{"@type":"WebSite","@id":"https:\/\/zapamet.pl\/de\/#website","url":"https:\/\/zapamet.pl\/de\/","name":"Zapamet | Automatyzacja produkcji","description":"Pe\u0142na automatyzacja przemys\u0142u | us\u0142ugi projektowe dla firm nieposiadaj\u0105cych w\u0142asnych dzia\u0142\u00f3w konstrukcyjnych.","potentialAction":[{"@type":"SearchAction","target":{"@type":"EntryPoint","urlTemplate":"https:\/\/zapamet.pl\/de\/?s={search_term_string}"},"query-input":"required name=search_term_string"}],"inLanguage":"de"}]}},"_links":{"self":[{"href":"https:\/\/zapamet.pl\/de\/wp-json\/wp\/v2\/pages\/848","targetHints":{"allow":["GET"]}}],"collection":[{"href":"https:\/\/zapamet.pl\/de\/wp-json\/wp\/v2\/pages"}],"about":[{"href":"https:\/\/zapamet.pl\/de\/wp-json\/wp\/v2\/types\/page"}],"author":[{"embeddable":true,"href":"https:\/\/zapamet.pl\/de\/wp-json\/wp\/v2\/users\/1"}],"replies":[{"embeddable":true,"href":"https:\/\/zapamet.pl\/de\/wp-json\/wp\/v2\/comments?post=848"}],"version-history":[{"count":1,"href":"https:\/\/zapamet.pl\/de\/wp-json\/wp\/v2\/pages\/848\/revisions"}],"predecessor-version":[{"id":850,"href":"https:\/\/zapamet.pl\/de\/wp-json\/wp\/v2\/pages\/848\/revisions\/850"}],"wp:attachment":[{"href":"https:\/\/zapamet.pl\/de\/wp-json\/wp\/v2\/media?parent=848"}],"curies":[{"name":"wp","href":"https:\/\/api.w.org\/{rel}","templated":true}]}}