{"id":844,"date":"2021-03-12T15:44:14","date_gmt":"2021-03-12T15:44:14","guid":{"rendered":"https:\/\/zapamet.pl\/kuka\/"},"modified":"2024-10-22T06:08:10","modified_gmt":"2024-10-22T06:08:10","slug":"kuka","status":"publish","type":"page","link":"https:\/\/zapamet.pl\/de\/kuka\/","title":{"rendered":"Kuka"},"content":{"rendered":"","protected":false},"excerpt":{"rendered":"","protected":false},"author":1,"featured_media":0,"parent":0,"menu_order":0,"comment_status":"closed","ping_status":"closed","template":"template-service.blade.php","meta":{"inline_featured_image":false,"footnotes":""},"class_list":["post-844","page","type-page","status-publish","hentry"],"yoast_head":"<!-- This site is optimized with the Yoast SEO plugin v19.9 - https:\/\/yoast.com\/wordpress\/plugins\/seo\/ -->\n<title>Offizieller Vertriebsh\u00e4ndler von KUKA | ZAPAMET<\/title>\n<meta name=\"description\" content=\"Wir sind offizieller Integrator von KUKA-Robotern.\" \/>\n<meta name=\"robots\" content=\"index, follow, max-snippet:-1, max-image-preview:large, max-video-preview:-1\" \/>\n<link rel=\"canonical\" href=\"https:\/\/zapamet.pl\/de\/kuka\/\" \/>\n<meta property=\"og:locale\" content=\"de_DE\" \/>\n<meta property=\"og:type\" content=\"article\" \/>\n<meta property=\"og:title\" content=\"Offizieller Vertriebsh\u00e4ndler von KUKA | ZAPAMET\" \/>\n<meta property=\"og:description\" content=\"Wir sind offizieller Integrator von KUKA-Robotern.\" \/>\n<meta property=\"og:url\" content=\"https:\/\/zapamet.pl\/de\/kuka\/\" \/>\n<meta property=\"og:site_name\" content=\"Zapamet | Automatyzacja produkcji\" \/>\n<meta property=\"article:modified_time\" content=\"2024-10-22T06:08:10+00:00\" \/>\n<meta name=\"twitter:card\" content=\"summary_large_image\" \/>\n<script type=\"application\/ld+json\" class=\"yoast-schema-graph\">{\"@context\":\"https:\/\/schema.org\",\"@graph\":[{\"@type\":\"WebPage\",\"@id\":\"https:\/\/zapamet.pl\/de\/kuka\/\",\"url\":\"https:\/\/zapamet.pl\/de\/kuka\/\",\"name\":\"Offizieller Vertriebsh\u00e4ndler von KUKA | ZAPAMET\",\"isPartOf\":{\"@id\":\"https:\/\/zapamet.pl\/de\/#website\"},\"datePublished\":\"2021-03-12T15:44:14+00:00\",\"dateModified\":\"2024-10-22T06:08:10+00:00\",\"description\":\"Wir sind offizieller Integrator von KUKA-Robotern.\",\"breadcrumb\":{\"@id\":\"https:\/\/zapamet.pl\/de\/kuka\/#breadcrumb\"},\"inLanguage\":\"de\",\"potentialAction\":[{\"@type\":\"ReadAction\",\"target\":[\"https:\/\/zapamet.pl\/de\/kuka\/\"]}]},{\"@type\":\"BreadcrumbList\",\"@id\":\"https:\/\/zapamet.pl\/de\/kuka\/#breadcrumb\",\"itemListElement\":[{\"@type\":\"ListItem\",\"position\":1,\"name\":\"Home\",\"item\":\"https:\/\/zapamet.pl\/de\/\"},{\"@type\":\"ListItem\",\"position\":2,\"name\":\"Kuka\"}]},{\"@type\":\"WebSite\",\"@id\":\"https:\/\/zapamet.pl\/de\/#website\",\"url\":\"https:\/\/zapamet.pl\/de\/\",\"name\":\"Zapamet | Automatyzacja produkcji\",\"description\":\"Pe\u0142na automatyzacja przemys\u0142u | us\u0142ugi projektowe dla firm nieposiadaj\u0105cych w\u0142asnych dzia\u0142\u00f3w konstrukcyjnych.\",\"potentialAction\":[{\"@type\":\"SearchAction\",\"target\":{\"@type\":\"EntryPoint\",\"urlTemplate\":\"https:\/\/zapamet.pl\/de\/?s={search_term_string}\"},\"query-input\":\"required name=search_term_string\"}],\"inLanguage\":\"de\"}]}<\/script>\n<!-- \/ Yoast SEO plugin. -->","yoast_head_json":{"title":"Offizieller Vertriebsh\u00e4ndler von KUKA | ZAPAMET","description":"Wir sind offizieller Integrator von KUKA-Robotern.","robots":{"index":"index","follow":"follow","max-snippet":"max-snippet:-1","max-image-preview":"max-image-preview:large","max-video-preview":"max-video-preview:-1"},"canonical":"https:\/\/zapamet.pl\/de\/kuka\/","og_locale":"de_DE","og_type":"article","og_title":"Offizieller Vertriebsh\u00e4ndler von KUKA | ZAPAMET","og_description":"Wir sind offizieller Integrator von KUKA-Robotern.","og_url":"https:\/\/zapamet.pl\/de\/kuka\/","og_site_name":"Zapamet | Automatyzacja produkcji","article_modified_time":"2024-10-22T06:08:10+00:00","twitter_card":"summary_large_image","schema":{"@context":"https:\/\/schema.org","@graph":[{"@type":"WebPage","@id":"https:\/\/zapamet.pl\/de\/kuka\/","url":"https:\/\/zapamet.pl\/de\/kuka\/","name":"Offizieller Vertriebsh\u00e4ndler von KUKA | ZAPAMET","isPartOf":{"@id":"https:\/\/zapamet.pl\/de\/#website"},"datePublished":"2021-03-12T15:44:14+00:00","dateModified":"2024-10-22T06:08:10+00:00","description":"Wir sind offizieller Integrator von KUKA-Robotern.","breadcrumb":{"@id":"https:\/\/zapamet.pl\/de\/kuka\/#breadcrumb"},"inLanguage":"de","potentialAction":[{"@type":"ReadAction","target":["https:\/\/zapamet.pl\/de\/kuka\/"]}]},{"@type":"BreadcrumbList","@id":"https:\/\/zapamet.pl\/de\/kuka\/#breadcrumb","itemListElement":[{"@type":"ListItem","position":1,"name":"Home","item":"https:\/\/zapamet.pl\/de\/"},{"@type":"ListItem","position":2,"name":"Kuka"}]},{"@type":"WebSite","@id":"https:\/\/zapamet.pl\/de\/#website","url":"https:\/\/zapamet.pl\/de\/","name":"Zapamet | Automatyzacja produkcji","description":"Pe\u0142na automatyzacja przemys\u0142u | us\u0142ugi projektowe dla firm nieposiadaj\u0105cych w\u0142asnych dzia\u0142\u00f3w konstrukcyjnych.","potentialAction":[{"@type":"SearchAction","target":{"@type":"EntryPoint","urlTemplate":"https:\/\/zapamet.pl\/de\/?s={search_term_string}"},"query-input":"required name=search_term_string"}],"inLanguage":"de"}]}},"_links":{"self":[{"href":"https:\/\/zapamet.pl\/de\/wp-json\/wp\/v2\/pages\/844","targetHints":{"allow":["GET"]}}],"collection":[{"href":"https:\/\/zapamet.pl\/de\/wp-json\/wp\/v2\/pages"}],"about":[{"href":"https:\/\/zapamet.pl\/de\/wp-json\/wp\/v2\/types\/page"}],"author":[{"embeddable":true,"href":"https:\/\/zapamet.pl\/de\/wp-json\/wp\/v2\/users\/1"}],"replies":[{"embeddable":true,"href":"https:\/\/zapamet.pl\/de\/wp-json\/wp\/v2\/comments?post=844"}],"version-history":[{"count":3,"href":"https:\/\/zapamet.pl\/de\/wp-json\/wp\/v2\/pages\/844\/revisions"}],"predecessor-version":[{"id":922,"href":"https:\/\/zapamet.pl\/de\/wp-json\/wp\/v2\/pages\/844\/revisions\/922"}],"wp:attachment":[{"href":"https:\/\/zapamet.pl\/de\/wp-json\/wp\/v2\/media?parent=844"}],"curies":[{"name":"wp","href":"https:\/\/api.w.org\/{rel}","templated":true}]}}