{"id":838,"date":"2021-03-11T16:02:10","date_gmt":"2021-03-11T16:02:10","guid":{"rendered":"https:\/\/zapamet.pl\/o-firmie\/"},"modified":"2024-10-21T12:07:34","modified_gmt":"2024-10-21T12:07:34","slug":"ueber-das-unternehmen","status":"publish","type":"page","link":"https:\/\/zapamet.pl\/de\/ueber-das-unternehmen\/","title":{"rendered":"\u00dcber das Unternehmen"},"content":{"rendered":"","protected":false},"excerpt":{"rendered":"","protected":false},"author":1,"featured_media":0,"parent":0,"menu_order":0,"comment_status":"closed","ping_status":"closed","template":"template-about.blade.php","meta":{"inline_featured_image":false,"footnotes":""},"class_list":["post-838","page","type-page","status-publish","hentry"],"yoast_head":"<!-- This site is optimized with the Yoast SEO plugin v19.9 - https:\/\/yoast.com\/wordpress\/plugins\/seo\/ -->\n<title>Automation und Robotik in der Industrie | Zapamet<\/title>\n<meta name=\"description\" content=\"Erfahren Sie, was wir genau tun und wie wir die Effizienz Ihres produzierenden Unternehmens verbessern k\u00f6nnen.\" \/>\n<meta name=\"robots\" content=\"index, follow, max-snippet:-1, max-image-preview:large, max-video-preview:-1\" \/>\n<link rel=\"canonical\" href=\"https:\/\/zapamet.pl\/de\/ueber-das-unternehmen\/\" \/>\n<meta property=\"og:locale\" content=\"de_DE\" \/>\n<meta property=\"og:type\" content=\"article\" \/>\n<meta property=\"og:title\" content=\"Automation und Robotik in der Industrie | Zapamet\" \/>\n<meta property=\"og:description\" content=\"Erfahren Sie, was wir genau tun und wie wir die Effizienz Ihres produzierenden Unternehmens verbessern k\u00f6nnen.\" \/>\n<meta property=\"og:url\" content=\"https:\/\/zapamet.pl\/de\/ueber-das-unternehmen\/\" \/>\n<meta property=\"og:site_name\" content=\"Zapamet | Automatyzacja produkcji\" \/>\n<meta property=\"article:modified_time\" content=\"2024-10-21T12:07:34+00:00\" \/>\n<meta name=\"twitter:card\" content=\"summary_large_image\" \/>\n<script type=\"application\/ld+json\" class=\"yoast-schema-graph\">{\"@context\":\"https:\/\/schema.org\",\"@graph\":[{\"@type\":\"WebPage\",\"@id\":\"https:\/\/zapamet.pl\/de\/ueber-das-unternehmen\/\",\"url\":\"https:\/\/zapamet.pl\/de\/ueber-das-unternehmen\/\",\"name\":\"Automation und Robotik in der Industrie | Zapamet\",\"isPartOf\":{\"@id\":\"https:\/\/zapamet.pl\/de\/#website\"},\"datePublished\":\"2021-03-11T16:02:10+00:00\",\"dateModified\":\"2024-10-21T12:07:34+00:00\",\"description\":\"Erfahren Sie, was wir genau tun und wie wir die Effizienz Ihres produzierenden Unternehmens verbessern k\u00f6nnen.\",\"breadcrumb\":{\"@id\":\"https:\/\/zapamet.pl\/de\/ueber-das-unternehmen\/#breadcrumb\"},\"inLanguage\":\"de\",\"potentialAction\":[{\"@type\":\"ReadAction\",\"target\":[\"https:\/\/zapamet.pl\/de\/ueber-das-unternehmen\/\"]}]},{\"@type\":\"BreadcrumbList\",\"@id\":\"https:\/\/zapamet.pl\/de\/ueber-das-unternehmen\/#breadcrumb\",\"itemListElement\":[{\"@type\":\"ListItem\",\"position\":1,\"name\":\"Home\",\"item\":\"https:\/\/zapamet.pl\/de\/\"},{\"@type\":\"ListItem\",\"position\":2,\"name\":\"\u00dcber das Unternehmen\"}]},{\"@type\":\"WebSite\",\"@id\":\"https:\/\/zapamet.pl\/de\/#website\",\"url\":\"https:\/\/zapamet.pl\/de\/\",\"name\":\"Zapamet | Automatyzacja produkcji\",\"description\":\"Pe\u0142na automatyzacja przemys\u0142u | us\u0142ugi projektowe dla firm nieposiadaj\u0105cych w\u0142asnych dzia\u0142\u00f3w konstrukcyjnych.\",\"potentialAction\":[{\"@type\":\"SearchAction\",\"target\":{\"@type\":\"EntryPoint\",\"urlTemplate\":\"https:\/\/zapamet.pl\/de\/?s={search_term_string}\"},\"query-input\":\"required name=search_term_string\"}],\"inLanguage\":\"de\"}]}<\/script>\n<!-- \/ Yoast SEO plugin. -->","yoast_head_json":{"title":"Automation und Robotik in der Industrie | Zapamet","description":"Erfahren Sie, was wir genau tun und wie wir die Effizienz Ihres produzierenden Unternehmens verbessern k\u00f6nnen.","robots":{"index":"index","follow":"follow","max-snippet":"max-snippet:-1","max-image-preview":"max-image-preview:large","max-video-preview":"max-video-preview:-1"},"canonical":"https:\/\/zapamet.pl\/de\/ueber-das-unternehmen\/","og_locale":"de_DE","og_type":"article","og_title":"Automation und Robotik in der Industrie | Zapamet","og_description":"Erfahren Sie, was wir genau tun und wie wir die Effizienz Ihres produzierenden Unternehmens verbessern k\u00f6nnen.","og_url":"https:\/\/zapamet.pl\/de\/ueber-das-unternehmen\/","og_site_name":"Zapamet | Automatyzacja produkcji","article_modified_time":"2024-10-21T12:07:34+00:00","twitter_card":"summary_large_image","schema":{"@context":"https:\/\/schema.org","@graph":[{"@type":"WebPage","@id":"https:\/\/zapamet.pl\/de\/ueber-das-unternehmen\/","url":"https:\/\/zapamet.pl\/de\/ueber-das-unternehmen\/","name":"Automation und Robotik in der Industrie | Zapamet","isPartOf":{"@id":"https:\/\/zapamet.pl\/de\/#website"},"datePublished":"2021-03-11T16:02:10+00:00","dateModified":"2024-10-21T12:07:34+00:00","description":"Erfahren Sie, was wir genau tun und wie wir die Effizienz Ihres produzierenden Unternehmens verbessern k\u00f6nnen.","breadcrumb":{"@id":"https:\/\/zapamet.pl\/de\/ueber-das-unternehmen\/#breadcrumb"},"inLanguage":"de","potentialAction":[{"@type":"ReadAction","target":["https:\/\/zapamet.pl\/de\/ueber-das-unternehmen\/"]}]},{"@type":"BreadcrumbList","@id":"https:\/\/zapamet.pl\/de\/ueber-das-unternehmen\/#breadcrumb","itemListElement":[{"@type":"ListItem","position":1,"name":"Home","item":"https:\/\/zapamet.pl\/de\/"},{"@type":"ListItem","position":2,"name":"\u00dcber das Unternehmen"}]},{"@type":"WebSite","@id":"https:\/\/zapamet.pl\/de\/#website","url":"https:\/\/zapamet.pl\/de\/","name":"Zapamet | Automatyzacja produkcji","description":"Pe\u0142na automatyzacja przemys\u0142u | us\u0142ugi projektowe dla firm nieposiadaj\u0105cych w\u0142asnych dzia\u0142\u00f3w konstrukcyjnych.","potentialAction":[{"@type":"SearchAction","target":{"@type":"EntryPoint","urlTemplate":"https:\/\/zapamet.pl\/de\/?s={search_term_string}"},"query-input":"required name=search_term_string"}],"inLanguage":"de"}]}},"_links":{"self":[{"href":"https:\/\/zapamet.pl\/de\/wp-json\/wp\/v2\/pages\/838","targetHints":{"allow":["GET"]}}],"collection":[{"href":"https:\/\/zapamet.pl\/de\/wp-json\/wp\/v2\/pages"}],"about":[{"href":"https:\/\/zapamet.pl\/de\/wp-json\/wp\/v2\/types\/page"}],"author":[{"embeddable":true,"href":"https:\/\/zapamet.pl\/de\/wp-json\/wp\/v2\/users\/1"}],"replies":[{"embeddable":true,"href":"https:\/\/zapamet.pl\/de\/wp-json\/wp\/v2\/comments?post=838"}],"version-history":[{"count":2,"href":"https:\/\/zapamet.pl\/de\/wp-json\/wp\/v2\/pages\/838\/revisions"}],"predecessor-version":[{"id":842,"href":"https:\/\/zapamet.pl\/de\/wp-json\/wp\/v2\/pages\/838\/revisions\/842"}],"wp:attachment":[{"href":"https:\/\/zapamet.pl\/de\/wp-json\/wp\/v2\/media?parent=838"}],"curies":[{"name":"wp","href":"https:\/\/api.w.org\/{rel}","templated":true}]}}